{"id":49657,"date":"2023-09-24T20:18:48","date_gmt":"2023-09-24T18:18:48","guid":{"rendered":"https:\/\/ubitus.ch\/?page_id=49657"},"modified":"2023-09-24T20:18:48","modified_gmt":"2023-09-24T18:18:48","slug":"impressum","status":"publish","type":"page","link":"https:\/\/ubitus.ch\/index.php\/impressum\/","title":{"rendered":"Impressum"},"content":{"rendered":"\n<p><strong>&nbsp;<\/strong><\/p>\n<p><strong>Impressum<\/strong><\/p>\n<p><strong>Verantwortlich f\u00fcr den Inhalt der Seiten<br><\/strong>Ubitus AG<br>J\u00f6rg K\u00fcndig<br>Berghofstrasse 7<br>Postfach&nbsp;<br>8625&nbsp;Gossau ZH<br><a href=\"mailto:info@ubitus.ch\">info@ubitus.ch<\/a><\/p>\n<p><strong>Webdesign<br><\/strong>Diese Webseite wurde durch Primosoft AG, 8614 Bertschikon erstellt.<br><a href=\"mailto:info@primosoft.ch\">info@primosoft.ch<\/a><\/p>\n<p><strong>Copyright<br><\/strong>Das Copyright f\u00fcr s\u00e4mtliche Inhalte dieser Website liegt bei der Ubitus AG.<\/p>\n<p><strong>Disclaimer<br><\/strong>Alle Texte und Links wurden sorgf\u00e4ltig gepr\u00fcft und werden laufend aktualisiert. Wir sind bem\u00fcht, richtige und vollst\u00e4ndige Informationen auf dieser Website bereitzustellen, \u00fcbernehmen aber keinerlei Verantwortung, Garantien oder Haftung daf\u00fcr, dass die durch diese Website bereitgestellten Informationen, einschliesslich jeglicher Datenbankeintr\u00e4ge, richtig, vollst\u00e4ndig oder aktuell sind. Wir behalten uns das Recht vor, jederzeit und ohne Vorank\u00fcndigung die Informationen auf dieser Website zu \u00e4ndern und verpflichten uns auch nicht, die enthaltenen Informationen zu aktualisieren. Alle Links zu externen Anbietern wurden zum Zeitpunkt ihrer Aufnahme auf ihre Richtigkeit \u00fcberpr\u00fcft. Dennoch haften wir nicht f\u00fcr Inhalte und Verf\u00fcgbarkeit von Websites, die mittels Hyperlinks zu erreichen sind. F\u00fcr illegale, fehlerhafte oder unvollst\u00e4ndige Inhalte und insbesondere f\u00fcr Sch\u00e4den, die durch die ungepr\u00fcfte Nutzung von Inhalten verkn\u00fcpfter Seiten entstehen, haftet allein der Anbieter der Seite, auf welche verwiesen wurde. Dabei ist es gleichg\u00fcltig, ob der Schaden direkter, indirekter oder finanzieller Natur ist oder ein sonstiger Schaden vorliegt, der sich aus Datenverlust, Nutzungsausfall oder anderen Gr\u00fcnden aller Art ergeben k\u00f6nnte.<\/p>\n","protected":false},"excerpt":{"rendered":"<p>&nbsp; Impressum Verantwortlich f\u00fcr den Inhalt der SeitenUbitus AGJ\u00f6rg K\u00fcndigBerghofstrasse 7Postfach&nbsp;8625&nbsp;Gossau ZHinfo@ubitus.ch WebdesignDiese Webseite wurde durch Primosoft AG, 8614 Bertschikon erstellt.info@primosoft.ch CopyrightDas Copyright f\u00fcr s\u00e4mtliche Inhalte dieser Website liegt bei der Ubitus AG. DisclaimerAlle Texte und Links wurden sorgf\u00e4ltig gepr\u00fcft und werden laufend aktualisiert. Wir sind bem\u00fcht, richtige und vollst\u00e4ndige Informationen auf dieser Website bereitzustellen, [&hellip;]<\/p>\n","protected":false},"author":1,"featured_media":0,"parent":0,"menu_order":0,"comment_status":"closed","ping_status":"closed","template":"","meta":{"ngg_post_thumbnail":0,"footnotes":""},"class_list":["post-49657","page","type-page","status-publish","hentry","post"],"_links":{"self":[{"href":"https:\/\/ubitus.ch\/index.php\/wp-json\/wp\/v2\/pages\/49657","targetHints":{"allow":["GET"]}}],"collection":[{"href":"https:\/\/ubitus.ch\/index.php\/wp-json\/wp\/v2\/pages"}],"about":[{"href":"https:\/\/ubitus.ch\/index.php\/wp-json\/wp\/v2\/types\/page"}],"author":[{"embeddable":true,"href":"https:\/\/ubitus.ch\/index.php\/wp-json\/wp\/v2\/users\/1"}],"replies":[{"embeddable":true,"href":"https:\/\/ubitus.ch\/index.php\/wp-json\/wp\/v2\/comments?post=49657"}],"version-history":[{"count":1,"href":"https:\/\/ubitus.ch\/index.php\/wp-json\/wp\/v2\/pages\/49657\/revisions"}],"predecessor-version":[{"id":49658,"href":"https:\/\/ubitus.ch\/index.php\/wp-json\/wp\/v2\/pages\/49657\/revisions\/49658"}],"wp:attachment":[{"href":"https:\/\/ubitus.ch\/index.php\/wp-json\/wp\/v2\/media?parent=49657"}],"curies":[{"name":"wp","href":"https:\/\/api.w.org\/{rel}","templated":true}]}}