{"id":37,"date":"2015-12-01T18:15:38","date_gmt":"2015-12-01T17:15:38","guid":{"rendered":"http:\/\/ubitusch.cyon.link\/?page_id=37"},"modified":"2016-12-08T17:16:13","modified_gmt":"2016-12-08T16:16:13","slug":"uber-uns","status":"publish","type":"page","link":"https:\/\/ubitus.ch\/index.php\/uber-uns\/","title":{"rendered":"\u00dcber uns"},"content":{"rendered":"<p>Die UBITUS AG Finanzberatung und Treuhand nahm ihre Gesch\u00e4ftst\u00e4tigkeit im Herbst 2000 auf. Die B\u00fcror\u00e4umlichkeiten befinden sich im Gesch\u00e4ftshaus des Zentrums B\u00fcelgass, Laufenbachstrasse 9, 8625 Gossau ZH. Die UBITUS AG Finanzberatung und Treuhand<\/p>\n<ul>\n<li>hilft Ihnen die <a href=\"http:\/\/ubitus.ch\/index.php\/buchhaltung\/\">Buchhaltung<\/a> zu f\u00fchren und die Steuerdeklaration auszuf\u00fcllen<\/li>\n<li>\u00fcbernimmt die komplette F\u00fchrung der Buchhaltung<\/li>\n<li>f\u00fchrt s\u00e4mtliche Abschlussarbeiten durch<\/li>\n<li>erledigt die Mehrwertsteuerdeklarationen<\/li>\n<li>gr\u00fcndet juristische Personen von der Stiftung bis zur AG oder GmbH und \u00fcbernimmt auch Verwaltungsrats- und Revisionsstellenmandate<\/li>\n<li>hilft bei organisatorischen Fragen<\/li>\n<li>verwaltet, kauft oder verkauft Liegenschaften<\/li>\n<\/ul>\n<p>F\u00fcr Privatpersonen bietet die UBITUS AG Finanzberatung und Treuhand<\/p>\n<ul>\n<li><a href=\"http:\/\/ubitus.ch\/index.php\/steuerberatung\/\">Steuerberatung<\/a> und Ausf\u00fcllen der Steuererkl\u00e4rung<\/li>\n<li><a href=\"http:\/\/ubitus.ch\/index.php\/finanzberatung\/\">Anlage- und Verm\u00f6gensberatung<\/a> bis hin zur Verm\u00f6gensverwaltung<\/li>\n<li>Budget- und Vorsorgeberatung<\/li>\n<li><a href=\"http:\/\/ubitus.ch\/index.php\/liegenschaften\/\">Liegenschaftenverwaltung<\/a><\/li>\n<li><a href=\"http:\/\/ubitus.ch\/index.php\/erbteilung\/\">Erbteilung<\/a><\/li>\n<\/ul>\n","protected":false},"excerpt":{"rendered":"<p>Die UBITUS AG Finanzberatung und Treuhand nahm ihre Gesch\u00e4ftst\u00e4tigkeit im Herbst 2000 auf. Die B\u00fcror\u00e4umlichkeiten befinden sich im Gesch\u00e4ftshaus des Zentrums B\u00fcelgass, Laufenbachstrasse 9, 8625 Gossau ZH. Die UBITUS AG Finanzberatung und Treuhand hilft Ihnen die Buchhaltung zu f\u00fchren und die Steuerdeklaration auszuf\u00fcllen \u00fcbernimmt die komplette F\u00fchrung der Buchhaltung f\u00fchrt s\u00e4mtliche Abschlussarbeiten durch erledigt die [&hellip;]<\/p>\n","protected":false},"author":1,"featured_media":0,"parent":0,"menu_order":0,"comment_status":"closed","ping_status":"closed","template":"","meta":{"ngg_post_thumbnail":0,"footnotes":""},"class_list":["post-37","page","type-page","status-publish","hentry","post"],"_links":{"self":[{"href":"https:\/\/ubitus.ch\/index.php\/wp-json\/wp\/v2\/pages\/37","targetHints":{"allow":["GET"]}}],"collection":[{"href":"https:\/\/ubitus.ch\/index.php\/wp-json\/wp\/v2\/pages"}],"about":[{"href":"https:\/\/ubitus.ch\/index.php\/wp-json\/wp\/v2\/types\/page"}],"author":[{"embeddable":true,"href":"https:\/\/ubitus.ch\/index.php\/wp-json\/wp\/v2\/users\/1"}],"replies":[{"embeddable":true,"href":"https:\/\/ubitus.ch\/index.php\/wp-json\/wp\/v2\/comments?post=37"}],"version-history":[{"count":10,"href":"https:\/\/ubitus.ch\/index.php\/wp-json\/wp\/v2\/pages\/37\/revisions"}],"predecessor-version":[{"id":226,"href":"https:\/\/ubitus.ch\/index.php\/wp-json\/wp\/v2\/pages\/37\/revisions\/226"}],"wp:attachment":[{"href":"https:\/\/ubitus.ch\/index.php\/wp-json\/wp\/v2\/media?parent=37"}],"curies":[{"name":"wp","href":"https:\/\/api.w.org\/{rel}","templated":true}]}}