{"id":35,"date":"2015-12-01T18:15:27","date_gmt":"2015-12-01T17:15:27","guid":{"rendered":"http:\/\/ubitusch.cyon.link\/?page_id=35"},"modified":"2017-04-27T08:58:58","modified_gmt":"2017-04-27T06:58:58","slug":"firmenverkauf","status":"publish","type":"page","link":"https:\/\/ubitus.ch\/index.php\/firmenverkauf\/","title":{"rendered":"Firmenverkauf"},"content":{"rendered":"<p>Die UBITUS AG Finanzberatung und Treuhand unterst\u00fctzt und ber\u00e4t nicht nur bei der Firmengr\u00fcndungen, sondern steht f\u00fcr Firmenverk\u00e4ufe und \u2013 k\u00e4ufe zur Verf\u00fcgung. Dies sowohl bei noch aktiven als auch inaktiven Firmen.<\/p>\n<p>Derzeit bestehen folgende:<\/p>\n<p><strong>Verkaufsangebote:<\/strong><\/p>\n<table style=\"height: 159px; width: 531px;\">\n<tbody>\n<tr>\n<td style=\"width: 178px;\">&nbsp;AG-Nr.:<\/td>\n<td style=\"width: 345px;\">&nbsp;001<\/td>\n<\/tr>\n<tr>\n<td style=\"width: 178px;\">&nbsp;Gr\u00fcndung:<\/td>\n<td style=\"width: 345px;\">&nbsp;1984<\/td>\n<\/tr>\n<tr>\n<td style=\"width: 178px;\">&nbsp;Kapital:<\/td>\n<td style=\"width: 345px;\">&nbsp;200&#8217;000.- &nbsp;(200 NA \u00e0 1&#8217;000.- nominal)<\/td>\n<\/tr>\n<tr>\n<td style=\"width: 178px;\">&nbsp;Zweck:<\/td>\n<td style=\"width: 345px;\">&nbsp;Betrieb einer Bauspenglerei<\/td>\n<\/tr>\n<tr>\n<td style=\"width: 178px;\">&nbsp;Preis\/Verf\u00fcgbarkeit:<\/td>\n<td style=\"width: 345px;\">&nbsp;10&#8217;000.- \/ sofort<\/td>\n<\/tr>\n<\/tbody>\n<\/table>\n<table style=\"width: 531px; height: 151px;\">\n<tbody>\n<tr style=\"height: 24px;\">\n<td style=\"width: 177px; height: 24px;\">&nbsp;AG-Nr.:<\/td>\n<td style=\"width: 344px; height: 24px;\">&nbsp;002<\/td>\n<\/tr>\n<tr style=\"height: 24px;\">\n<td style=\"width: 177px; height: 24px;\">&nbsp;Gr\u00fcndung:<\/td>\n<td style=\"width: 344px; height: 24px;\">&nbsp;2007<\/td>\n<\/tr>\n<tr style=\"height: 24px;\">\n<td style=\"width: 177px; height: 24px;\">&nbsp;Kapital:<\/td>\n<td style=\"width: 344px; height: 24px;\">&nbsp;100&#8217;000.- &nbsp;(100 NA \u00e0 1&#8217;000.- nominal)<\/td>\n<\/tr>\n<tr style=\"height: 24px;\">\n<td style=\"width: 177px; height: 24px;\">&nbsp;Zweck:<\/td>\n<td style=\"width: 344px; height: 24px;\">&nbsp;Handel mit Rohwaren und Waren aller Art<\/td>\n<\/tr>\n<tr style=\"height: 24px;\">\n<td style=\"width: 177px; height: 24px;\">&nbsp;Preis\/Verf\u00fcgbarkeit:<\/td>\n<td style=\"width: 344px; height: 24px;\">&nbsp;10&#8217;000.- \/ sofort<\/td>\n<\/tr>\n<\/tbody>\n<\/table>\n<table style=\"width: 528px; height: 229px;\">\n<tbody>\n<tr style=\"height: 24px;\">\n<td style=\"width: 175px; height: 24px;\">AG-Nr.:<\/td>\n<td style=\"width: 337px; height: 24px;\">003<\/td>\n<\/tr>\n<tr style=\"height: 24px;\">\n<td style=\"width: 175px; height: 24px;\">Gr\u00fcndung:<\/td>\n<td style=\"width: 337px; height: 24px;\">2012<\/td>\n<\/tr>\n<tr style=\"height: 24px;\">\n<td style=\"width: 175px; height: 24px;\">Kapital:<\/td>\n<td style=\"width: 337px; height: 24px;\">200&#8217;000.-<\/td>\n<\/tr>\n<tr style=\"height: 24px;\">\n<td style=\"width: 175px; height: 24px;\">Zweck:<\/td>\n<td style=\"width: 337px; height: 24px;\">Import und Handel mit Waren aller Art, insbesondere aber Handel mit Kosmetik- , K\u00f6rperpflege- und Wellnessprodukten.<\/td>\n<\/tr>\n<tr style=\"height: 24px;\">\n<td style=\"width: 175px; height: 24px;\">Preis\/Verf\u00fcgbarkeit:<\/td>\n<td style=\"width: 337px; height: 24px;\">30&#8217;000.- \/ sofort<\/td>\n<\/tr>\n<\/tbody>\n<\/table>\n<p><strong>Kaufgesuche:<\/strong><\/p>\n<table style=\"height: 151px; width: 530px;\">\n<tbody>\n<tr style=\"height: 24px;\">\n<td style=\"width: 176px; height: 24px;\">Rechtsform:<\/td>\n<td style=\"width: 338px; height: 24px;\">&nbsp;<\/td>\n<\/tr>\n<tr style=\"height: 24px;\">\n<td style=\"width: 176px; height: 24px;\">Kapital:<\/td>\n<td style=\"width: 338px; height: 24px;\">&nbsp;<\/td>\n<\/tr>\n<tr style=\"height: 24px;\">\n<td style=\"width: 176px; height: 24px;\">Zweck:<\/td>\n<td style=\"width: 338px; height: 24px;\">&nbsp;<\/td>\n<\/tr>\n<tr style=\"height: 24px;\">\n<td style=\"width: 176px; height: 24px;\">Bemerkung:<\/td>\n<td style=\"width: 338px; height: 24px;\">&nbsp;<\/td>\n<\/tr>\n<tr style=\"height: 23px;\">\n<td style=\"width: 176px; height: 23px;\">Preis:<\/td>\n<td style=\"width: 338px; height: 23px;\">&nbsp;<\/td>\n<\/tr>\n<\/tbody>\n<\/table>\n","protected":false},"excerpt":{"rendered":"<p>Die UBITUS AG Finanzberatung und Treuhand unterst\u00fctzt und ber\u00e4t nicht nur bei der Firmengr\u00fcndungen, sondern steht f\u00fcr Firmenverk\u00e4ufe und \u2013 k\u00e4ufe zur Verf\u00fcgung. Dies sowohl bei noch aktiven als auch inaktiven Firmen. Derzeit bestehen folgende: Verkaufsangebote: &nbsp;AG-Nr.: &nbsp;001 &nbsp;Gr\u00fcndung: &nbsp;1984 &nbsp;Kapital: &nbsp;200&#8217;000.- &nbsp;(200 NA \u00e0 1&#8217;000.- nominal) &nbsp;Zweck: &nbsp;Betrieb einer Bauspenglerei &nbsp;Preis\/Verf\u00fcgbarkeit: &nbsp;10&#8217;000.- \/ sofort [&hellip;]<\/p>\n","protected":false},"author":1,"featured_media":0,"parent":0,"menu_order":0,"comment_status":"closed","ping_status":"closed","template":"","meta":{"ngg_post_thumbnail":0,"footnotes":""},"class_list":["post-35","page","type-page","status-publish","hentry","post"],"_links":{"self":[{"href":"https:\/\/ubitus.ch\/index.php\/wp-json\/wp\/v2\/pages\/35","targetHints":{"allow":["GET"]}}],"collection":[{"href":"https:\/\/ubitus.ch\/index.php\/wp-json\/wp\/v2\/pages"}],"about":[{"href":"https:\/\/ubitus.ch\/index.php\/wp-json\/wp\/v2\/types\/page"}],"author":[{"embeddable":true,"href":"https:\/\/ubitus.ch\/index.php\/wp-json\/wp\/v2\/users\/1"}],"replies":[{"embeddable":true,"href":"https:\/\/ubitus.ch\/index.php\/wp-json\/wp\/v2\/comments?post=35"}],"version-history":[{"count":21,"href":"https:\/\/ubitus.ch\/index.php\/wp-json\/wp\/v2\/pages\/35\/revisions"}],"predecessor-version":[{"id":258,"href":"https:\/\/ubitus.ch\/index.php\/wp-json\/wp\/v2\/pages\/35\/revisions\/258"}],"wp:attachment":[{"href":"https:\/\/ubitus.ch\/index.php\/wp-json\/wp\/v2\/media?parent=35"}],"curies":[{"name":"wp","href":"https:\/\/api.w.org\/{rel}","templated":true}]}}