{"id":2,"date":"2015-11-28T13:08:13","date_gmt":"2015-11-28T12:08:13","guid":{"rendered":"http:\/\/ubitusch.cyon.link\/?page_id=2"},"modified":"2015-12-20T21:20:12","modified_gmt":"2015-12-20T20:20:12","slug":"test","status":"publish","type":"page","link":"https:\/\/ubitus.ch\/","title":{"rendered":"Herzlich willkommen bei der UBITUS AG"},"content":{"rendered":"<p>Der Besuch unserer Website er\u00f6ffnet Ihnen das breite Spektrum unserer Dienstleistungen. Wir stimmen uns auf Ihre individuellen W\u00fcnsche ab und erarbeiten f\u00fcr Sie massgeschneiderte L\u00f6sungen.<\/p>\n<p> Interessiert? Dann z\u00f6gern Sie nicht, uns zu kontaktieren.<\/p>\n","protected":false},"excerpt":{"rendered":"<p>Der Besuch unserer Website er\u00f6ffnet Ihnen das breite Spektrum unserer Dienstleistungen. Wir stimmen uns auf Ihre individuellen W\u00fcnsche ab und erarbeiten f\u00fcr Sie massgeschneiderte L\u00f6sungen. Interessiert? Dann z\u00f6gern Sie nicht, uns zu kontaktieren.<\/p>\n","protected":false},"author":1,"featured_media":0,"parent":0,"menu_order":0,"comment_status":"closed","ping_status":"open","template":"","meta":{"ngg_post_thumbnail":0,"footnotes":""},"class_list":["post-2","page","type-page","status-publish","hentry","post"],"_links":{"self":[{"href":"https:\/\/ubitus.ch\/index.php\/wp-json\/wp\/v2\/pages\/2","targetHints":{"allow":["GET"]}}],"collection":[{"href":"https:\/\/ubitus.ch\/index.php\/wp-json\/wp\/v2\/pages"}],"about":[{"href":"https:\/\/ubitus.ch\/index.php\/wp-json\/wp\/v2\/types\/page"}],"author":[{"embeddable":true,"href":"https:\/\/ubitus.ch\/index.php\/wp-json\/wp\/v2\/users\/1"}],"replies":[{"embeddable":true,"href":"https:\/\/ubitus.ch\/index.php\/wp-json\/wp\/v2\/comments?post=2"}],"version-history":[{"count":4,"href":"https:\/\/ubitus.ch\/index.php\/wp-json\/wp\/v2\/pages\/2\/revisions"}],"predecessor-version":[{"id":151,"href":"https:\/\/ubitus.ch\/index.php\/wp-json\/wp\/v2\/pages\/2\/revisions\/151"}],"wp:attachment":[{"href":"https:\/\/ubitus.ch\/index.php\/wp-json\/wp\/v2\/media?parent=2"}],"curies":[{"name":"wp","href":"https:\/\/api.w.org\/{rel}","templated":true}]}}