{"id":102,"date":"2015-12-04T21:26:24","date_gmt":"2015-12-04T20:26:24","guid":{"rendered":"http:\/\/ubitusch.cyon.link\/?page_id=102"},"modified":"2015-12-05T22:12:02","modified_gmt":"2015-12-05T21:12:02","slug":"team","status":"publish","type":"page","link":"https:\/\/ubitus.ch\/index.php\/team\/","title":{"rendered":"Team"},"content":{"rendered":"        <div id=\"team-107\" class=\"team-container\">\r\n                    <div class=\"team-items \">\r\n                <div class=\"item \">\r\n        <div class=\"elements-wrapper layout-286\">\r\n                <div class=\"layer-media \" id=\"\">\r\n                <div class=\"team-thumb element-1\">\r\n                            <img decoding=\"async\" src=\"https:\/\/ubitus.ch\/wp-content\/uploads\/2025\/04\/DSC_7405_ausschnitt-min-scaled-e1745349065774.jpg\" \/>\r\n\r\n            \r\n\r\n        <\/div>\r\n        <\/div>\r\n    <div class=\"layer-content element-3\" id=\"\">\r\n        <div class=\"team-title element-5\">    J\u00f6rg K\u00fcndig\r\n<\/div>\r\n        <div class=\"team-position element-6\"><\/div>\r\n        <div class=\"team-content element-7\">Gesch\u00e4ftsf\u00fchrer ist J\u00f6rg K\u00fcndig, Betriebs\u00f6konom HWV. Dieser war lange Jahre als Kundenbetreuer f\u00fcr verschiedene Banken t\u00e4tig und erwarb sich ein umfassendes Fachwissen im Bereich der Finanzberatung.<\/div>\r\n    <div class=\"team-social element-8\">                <span class=\"\">\r\n                    <a href=\"mailto:joerg.kuendig@ubitus.ch\">\r\n                        <\/a>\r\n                <\/span>\r\n    <\/div>\r\n\r\n    <style type=\"text\/css\">\r\n        .team-social {\r\n            margin: 15px 0;\r\n        }\r\n\r\n        .team-social a {\r\n            font-size: ;\r\n            color: ;\r\n        }\r\n\r\n        .team-social .text_link {\r\n            display: block;\r\n        }\r\n\r\n        .team-social .text_link a {\r\n            text-decoration: none;\r\n        }\r\n\r\n        .team-social a img {\r\n            width: 25px;\r\n            height: 25px;\r\n            display: inline-block !important;\r\n            border-radius: 0;\r\n            box-shadow: none;\r\n        }\r\n    <\/style>\r\n\r\n\r\n    <\/div>\r\n        <\/div>\r\n    <\/div>\r\n    <div class=\"item \">\r\n        <div class=\"elements-wrapper layout-286\">\r\n                <div class=\"layer-media \" id=\"\">\r\n                <div class=\"team-thumb element-1\">\r\n                            <img decoding=\"async\" src=\"https:\/\/ubitus.ch\/wp-content\/uploads\/2025\/04\/DSC_7391_claudia_ausschnitt-min-scaled-e1745348892343.jpg\" \/>\r\n\r\n            \r\n\r\n        <\/div>\r\n        <\/div>\r\n    <div class=\"layer-content element-3\" id=\"\">\r\n        <div class=\"team-title element-5\">    Claudia K\u00fcndig\r\n<\/div>\r\n        <div class=\"team-position element-6\"><\/div>\r\n        <div class=\"team-content element-7\">Sachbearbeiterin<\/div>\r\n    <div class=\"team-social element-8\">                <span class=\"\">\r\n                    <a href=\"mailto:claudia.kuendig@ubitus.ch\">\r\n                        <\/a>\r\n                <\/span>\r\n    <\/div>\r\n\r\n    <style type=\"text\/css\">\r\n        .team-social {\r\n            margin: 15px 0;\r\n        }\r\n\r\n        .team-social a {\r\n            font-size: ;\r\n            color: ;\r\n        }\r\n\r\n        .team-social .text_link {\r\n            display: block;\r\n        }\r\n\r\n        .team-social .text_link a {\r\n            text-decoration: none;\r\n        }\r\n\r\n        .team-social a img {\r\n            width: 25px;\r\n            height: 25px;\r\n            display: inline-block !important;\r\n            border-radius: 0;\r\n            box-shadow: none;\r\n        }\r\n    <\/style>\r\n\r\n\r\n    <\/div>\r\n        <\/div>\r\n    <\/div>\r\n    <div class=\"item \">\r\n        <div class=\"elements-wrapper layout-286\">\r\n                <div class=\"layer-media \" id=\"\">\r\n                <div class=\"team-thumb element-1\">\r\n                            <img decoding=\"async\" src=\"https:\/\/ubitus.ch\/wp-content\/uploads\/2025\/04\/DSC_7396_chrigi-min-scaled-e1745349033327.jpg\" \/>\r\n\r\n            \r\n\r\n        <\/div>\r\n        <\/div>\r\n    <div class=\"layer-content element-3\" id=\"\">\r\n        <div class=\"team-title element-5\">    Christine Sudler\r\n<\/div>\r\n        <div class=\"team-position element-6\"><\/div>\r\n        <div class=\"team-content element-7\">Sachbearbeiterin<\/div>\r\n    <div class=\"team-social element-8\">                <span class=\"\">\r\n                    <a href=\"mailto:andrea.kuendig@ubitus.ch\">\r\n                        <\/a>\r\n                <\/span>\r\n    <\/div>\r\n\r\n    <style type=\"text\/css\">\r\n        .team-social {\r\n            margin: 15px 0;\r\n        }\r\n\r\n        .team-social a {\r\n            font-size: ;\r\n            color: ;\r\n        }\r\n\r\n        .team-social .text_link {\r\n            display: block;\r\n        }\r\n\r\n        .team-social .text_link a {\r\n            text-decoration: none;\r\n        }\r\n\r\n        .team-social a img {\r\n            width: 25px;\r\n            height: 25px;\r\n            display: inline-block !important;\r\n            border-radius: 0;\r\n            box-shadow: none;\r\n        }\r\n    <\/style>\r\n\r\n\r\n    <\/div>\r\n        <\/div>\r\n    <\/div>\r\n        <\/div>\r\n\r\n        \r\n        <style type=\"text\/css\">\r\n        .team-container {\r\n            width: 100%\r\n        }\r\n\r\n        #team-107 {\r\n            background:  url() repeat scroll 0 0;\r\n            text-align: left;\r\n        }\r\n\r\n        #team-107 .item {\r\n            text-align: left;\r\n            margin: 1%;\r\n            display: inline-block;\r\n            vertical-align: top;\r\n        }\r\n\r\n        #team-107 .layer-media .team-thumb {\r\n            overflow: hidden;\r\n        }\r\n\r\n        #team-107 .layer-media img {\r\n            border-radius: 0;\r\n            box-shadow: none;\r\n            width: 100%;\r\n            margin: 0;\r\n            padding: 0;\r\n        }\r\n\r\n        @media only screen and (min-width: 0px) and (max-width: 767px) {\r\n            #team-107 .item {\r\n                width: 100%            }\r\n        }\r\n\r\n        @media only screen and (min-width: 768px) and (max-width: 1023px) {\r\n            #team-107 .item {\r\n                width: 45%            }\r\n        }\r\n\r\n        @media only screen and (min-width: 1024px) {\r\n            #team-107 .item {\r\n                width: 30%            }\r\n        }\r\n\r\n        .team-container #team-107{} .team-container #team-107 .team-item{} .team-container #team-107 .team-thumb{} .team-container #team-107 .team-title{} .team-container #team-107 .team-content{} @media (max-width:450px){ .team-container #team-107 .team-item{ width:100% !important; margin: 0 0 10px 0 !important; } }.layout-286 {vertical-align: top;}.layout-286 .layer-media{}.layout-286 .layer-content {padding: 5px 10px;}    <\/style>\r\n    <script>\r\n            <\/script>\r\n        <style type=\"text\/css\">\r\n        .layout-286.element-1 {\r\n            overflow: hidden;\r\n            margin: ;\r\n        }\r\n\r\n        @media only screen and (min-width: 1024px) {\r\n            .layout-286.element-1 {\r\n                max-height: 10000px;\r\n                            }\r\n        }\r\n\r\n        @media only screen and (min-width: 768px) and (max-width: 1023px) {\r\n            .layout-286.element-1 {\r\n                            }\r\n        }\r\n\r\n        @media only screen and (min-width: 0px) and (max-width: 767px) {\r\n            .layout-286.element-1 {\r\n                            }\r\n        }\r\n    <\/style>\r\n    <style type=\"text\/css\">\r\n        .layout-286.element-5 {\r\n            color: #333;\r\n            font-size: 14px;\r\n            font-family: ;\r\n            margin: 5px 0;\r\n\r\n        }\r\n    <\/style>\r\n    <style type=\"text\/css\">\r\n        .layout-286.element-6 {\r\n            color: #333;\r\n            font-size: 13px;\r\n            font-family: ;\r\n            margin: 5px 0;\r\n\r\n        }\r\n    <\/style>\r\n    <style type=\"text\/css\">\r\n        .layout-286.element-7 {\r\n            color: #333;\r\n            font-size: 13px;\r\n            font-family: ;\r\n            margin: 5px 0;\r\n\r\n        }\r\n\r\n        .layout-286.element-7a {\r\n            color: #333;\r\n\r\n        }\r\n    <\/style>\r\n        <\/div>\r\n\n","protected":false},"excerpt":{"rendered":"","protected":false},"author":1,"featured_media":0,"parent":0,"menu_order":0,"comment_status":"closed","ping_status":"closed","template":"","meta":{"ngg_post_thumbnail":0,"footnotes":""},"class_list":["post-102","page","type-page","status-publish","hentry","post","post-with-thumbnail","post-with-thumbnail-large"],"_links":{"self":[{"href":"https:\/\/ubitus.ch\/index.php\/wp-json\/wp\/v2\/pages\/102","targetHints":{"allow":["GET"]}}],"collection":[{"href":"https:\/\/ubitus.ch\/index.php\/wp-json\/wp\/v2\/pages"}],"about":[{"href":"https:\/\/ubitus.ch\/index.php\/wp-json\/wp\/v2\/types\/page"}],"author":[{"embeddable":true,"href":"https:\/\/ubitus.ch\/index.php\/wp-json\/wp\/v2\/users\/1"}],"replies":[{"embeddable":true,"href":"https:\/\/ubitus.ch\/index.php\/wp-json\/wp\/v2\/comments?post=102"}],"version-history":[{"count":3,"href":"https:\/\/ubitus.ch\/index.php\/wp-json\/wp\/v2\/pages\/102\/revisions"}],"predecessor-version":[{"id":110,"href":"https:\/\/ubitus.ch\/index.php\/wp-json\/wp\/v2\/pages\/102\/revisions\/110"}],"wp:attachment":[{"href":"https:\/\/ubitus.ch\/index.php\/wp-json\/wp\/v2\/media?parent=102"}],"curies":[{"name":"wp","href":"https:\/\/api.w.org\/{rel}","templated":true}]}}